{"id":88,"date":"2018-04-11T21:14:33","date_gmt":"2018-04-11T19:14:33","guid":{"rendered":"http:\/\/ressner-hartl.de\/wordpress\/?page_id=88"},"modified":"2018-04-11T21:14:33","modified_gmt":"2018-04-11T19:14:33","slug":"kontakt","status":"publish","type":"page","link":"https:\/\/ressner.de\/?page_id=88","title":{"rendered":"KONTAKT"},"content":{"rendered":"<p>Ingenieurb\u00fcro f\u00fcr Statik und Konstruktion<br \/>\nDipl.-Ing FH Roland Hartl<br \/>\nJuifenstr. 9<br \/>\n81373 M\u00fcnchen<\/p>\n<p>Telefon: 089-714 29 92<br \/>\nTelefax: 089-71 86 80<br \/>\nE-Mail: hartl(at)ressner.de<br \/>\nInternet: www.ressner-hartl.de<\/p>\n","protected":false},"excerpt":{"rendered":"<p>Ingenieurb\u00fcro f\u00fcr Statik und Konstruktion Dipl.-Ing FH Roland Hartl Juifenstr. 9 81373 M\u00fcnchen Telefon: 089-714 29 92 Telefax: 089-71 86 80 E-Mail: hartl(at)ressner.de&#8230;<\/p>\n","protected":false},"author":2,"featured_media":0,"parent":0,"menu_order":5,"comment_status":"closed","ping_status":"closed","template":"","meta":{"footnotes":""},"class_list":["post-88","page","type-page","status-publish","hentry"],"_links":{"self":[{"href":"https:\/\/ressner.de\/index.php?rest_route=\/wp\/v2\/pages\/88","targetHints":{"allow":["GET"]}}],"collection":[{"href":"https:\/\/ressner.de\/index.php?rest_route=\/wp\/v2\/pages"}],"about":[{"href":"https:\/\/ressner.de\/index.php?rest_route=\/wp\/v2\/types\/page"}],"author":[{"embeddable":true,"href":"https:\/\/ressner.de\/index.php?rest_route=\/wp\/v2\/users\/2"}],"replies":[{"embeddable":true,"href":"https:\/\/ressner.de\/index.php?rest_route=%2Fwp%2Fv2%2Fcomments&post=88"}],"version-history":[{"count":0,"href":"https:\/\/ressner.de\/index.php?rest_route=\/wp\/v2\/pages\/88\/revisions"}],"wp:attachment":[{"href":"https:\/\/ressner.de\/index.php?rest_route=%2Fwp%2Fv2%2Fmedia&parent=88"}],"curies":[{"name":"wp","href":"https:\/\/api.w.org\/{rel}","templated":true}]}}