{"id":70,"date":"2018-04-11T20:58:20","date_gmt":"2018-04-11T18:58:20","guid":{"rendered":"http:\/\/ressner-hartl.de\/wordpress\/?page_id=70"},"modified":"2018-04-11T20:58:20","modified_gmt":"2018-04-11T18:58:20","slug":"leistungen","status":"publish","type":"page","link":"https:\/\/ressner.de\/?page_id=70","title":{"rendered":"LEISTUNGEN"},"content":{"rendered":"<table border=\"0\" cellspacing=\"5\" cellpadding=\"0\">\n<tbody>\n<tr>\n<td colspan=\"2\" rowspan=\"1\" valign=\"top\">\n<p><span style=\"font-family: Helvetica, Arial, sans-serif;\">Wir bieten folgende Planungsleistungen an:<\/span><\/p>\n<p>&nbsp;<\/td>\n<\/tr>\n<tr align=\"left\" valign=\"top\">\n<td valign=\"top\">\n<p><span style=\"font-family: Helvetica, Arial, sans-serif;\"><strong>Tragwerksplanung<\/strong><\/span><\/p>\n<p>&nbsp;<\/td>\n<td valign=\"top\">\n<ul>\n<li><span style=\"font-family: Helvetica, Arial, sans-serif;\">Massivbau <\/span><\/li>\n<li><span style=\"font-family: Helvetica, Arial, sans-serif;\">Stahlbau\u00a0 <\/span><\/li>\n<li><span style=\"font-family: Helvetica, Arial, sans-serif;\">Glasbau <\/span><\/li>\n<li><span style=\"font-family: Helvetica, Arial, sans-serif;\">Holzbau <\/span><\/li>\n<\/ul>\n<\/td>\n<\/tr>\n<tr align=\"left\" valign=\"top\">\n<td valign=\"top\"><span style=\"font-family: Helvetica, Arial, sans-serif;\"><strong>Bauen im Bestand<\/strong><\/span><\/td>\n<td valign=\"top\">\n<ul>\n<li><span style=\"font-family: Helvetica, Arial, sans-serif;\">wirtschaftliche Umbaul\u00f6sungen <\/span><\/li>\n<li><span style=\"font-family: Helvetica, Arial, sans-serif;\">Bauschadenanalyse <\/span><\/li>\n<li><span style=\"font-family: Helvetica, Arial, sans-serif;\">Altbau-Sanierungskonzepte <\/span><\/li>\n<li><span style=\"font-family: Helvetica, Arial, sans-serif;\">denkmalgesch\u00fctztes Bauen <\/span><\/li>\n<\/ul>\n<\/td>\n<\/tr>\n<tr align=\"left\" valign=\"top\">\n<td valign=\"top\"><span style=\"font-family: Helvetica, Arial, sans-serif;\"><strong>Bauphysikalische Nachweise<\/strong><\/span><\/td>\n<td valign=\"top\">\n<ul>\n<li><span style=\"font-family: Helvetica, Arial, sans-serif;\">W\u00e4rmeschutznachweis nach EnEV \/ Energiepass <\/span><\/li>\n<li><span style=\"font-family: Helvetica, Arial, sans-serif;\">Schallschutz nach DIN 4109<br \/>\nund nach VDI 4100<\/span><\/li>\n<li><span style=\"font-family: Helvetica, Arial, sans-serif;\">Brandschutznachweise nach DIN 4102<\/span><\/li>\n<\/ul>\n<\/td>\n<\/tr>\n<tr align=\"left\" valign=\"top\">\n<td valign=\"top\"><span style=\"font-family: Helvetica, Arial, sans-serif;\"><strong>Qualit\u00e4tssicherung am Bau<\/strong><\/span><\/td>\n<td valign=\"top\">\n<ul>\n<li><span style=\"font-family: Helvetica, Arial, sans-serif;\">Qualit\u00e4tskontrolle in der Rohbauphase <\/span><\/li>\n<li><span style=\"font-family: Helvetica, Arial, sans-serif;\">Endabnahme der ausgef\u00fchrten Leistungen <\/span><\/li>\n<\/ul>\n<\/td>\n<\/tr>\n<tr align=\"left\" valign=\"top\">\n<td valign=\"top\"><span style=\"font-family: Helvetica, Arial, sans-serif;\"><strong>Gutachterliche Stellungnahmen<\/strong><\/span><\/td>\n<td valign=\"top\">\n<ul>\n<li><span style=\"font-family: Helvetica, Arial, sans-serif;\">M\u00e4ngel und Sch\u00e4den an Geb\u00e4uden <\/span><\/li>\n<li><span style=\"font-family: Helvetica, Arial, sans-serif;\">Bestandsaufnahme \/ Schadensanalyse <\/span><\/li>\n<li><span style=\"font-family: Helvetica, Arial, sans-serif;\">Erstellen von Sanierungskonzepten <\/span><\/li>\n<\/ul>\n<\/td>\n<\/tr>\n<\/tbody>\n<\/table>\n<p><\/p>\n","protected":false},"excerpt":{"rendered":"<p>Wir bieten folgende Planungsleistungen an: &nbsp; Tragwerksplanung &nbsp; Massivbau Stahlbau\u00a0 Glasbau Holzbau Bauen im Bestand wirtschaftliche Umbaul\u00f6sungen Bauschadenanalyse Altbau-Sanierungskonzepte denkmalgesch\u00fctztes Bauen Bauphysikalische Nachweise&#8230;<\/p>\n","protected":false},"author":2,"featured_media":0,"parent":0,"menu_order":2,"comment_status":"closed","ping_status":"closed","template":"","meta":{"footnotes":""},"class_list":["post-70","page","type-page","status-publish","hentry"],"_links":{"self":[{"href":"https:\/\/ressner.de\/index.php?rest_route=\/wp\/v2\/pages\/70","targetHints":{"allow":["GET"]}}],"collection":[{"href":"https:\/\/ressner.de\/index.php?rest_route=\/wp\/v2\/pages"}],"about":[{"href":"https:\/\/ressner.de\/index.php?rest_route=\/wp\/v2\/types\/page"}],"author":[{"embeddable":true,"href":"https:\/\/ressner.de\/index.php?rest_route=\/wp\/v2\/users\/2"}],"replies":[{"embeddable":true,"href":"https:\/\/ressner.de\/index.php?rest_route=%2Fwp%2Fv2%2Fcomments&post=70"}],"version-history":[{"count":0,"href":"https:\/\/ressner.de\/index.php?rest_route=\/wp\/v2\/pages\/70\/revisions"}],"wp:attachment":[{"href":"https:\/\/ressner.de\/index.php?rest_route=%2Fwp%2Fv2%2Fmedia&parent=70"}],"curies":[{"name":"wp","href":"https:\/\/api.w.org\/{rel}","templated":true}]}}